{"id":832,"date":"2020-02-12T16:14:36","date_gmt":"2020-02-12T15:14:36","guid":{"rendered":"https:\/\/www.labouledor.net\/news\/"},"modified":"2024-12-20T07:37:07","modified_gmt":"2024-12-20T06:37:07","slug":"news","status":"publish","type":"page","link":"https:\/\/www.labouledor.net\/en\/news\/","title":{"rendered":"News"},"content":{"rendered":"\t\t<div data-elementor-type=\"wp-post\" data-elementor-id=\"832\" class=\"elementor elementor-832 elementor-75\">\n\t\t\t\t\t\t<section class=\"elementor-section elementor-top-section elementor-element elementor-element-axm2p4l elementor-section-height-min-height elementor-section-boxed elementor-section-height-default elementor-section-items-middle\" data-id=\"axm2p4l\" data-element_type=\"section\" data-settings=\"{&quot;background_background&quot;:&quot;classic&quot;}\">\n\t\t\t\t\t\t\t<div class=\"elementor-background-overlay\"><\/div>\n\t\t\t\t\t\t\t<div class=\"elementor-container elementor-column-gap-default\">\n\t\t\t\t\t<div class=\"elementor-column elementor-col-100 elementor-top-column elementor-element elementor-element-eg989yn\" data-id=\"eg989yn\" data-element_type=\"column\">\n\t\t\t<div class=\"elementor-widget-wrap elementor-element-populated\">\n\t\t\t\t\t\t<div class=\"elementor-element elementor-element-dy8ht18 elementor-widget elementor-widget-spacer\" data-id=\"dy8ht18\" data-element_type=\"widget\" data-widget_type=\"spacer.default\">\n\t\t\t\t<div class=\"elementor-widget-container\">\n\t\t\t\t\t<div class=\"elementor-spacer\">\n\t\t\t<div class=\"elementor-spacer-inner\"><\/div>\n\t\t<\/div>\n\t\t\t\t<\/div>\n\t\t\t\t<\/div>\n\t\t\t\t<div class=\"elementor-element elementor-element-6e0rano ombretitre elementor-view-default elementor-position-top elementor-widget elementor-widget-themo-header\" data-id=\"6e0rano\" data-element_type=\"widget\" data-widget_type=\"themo-header.default\">\n\t\t\t\t<div class=\"elementor-widget-container\">\n\t\t\t\t\t<div class=\"th-header-wrap\">\n        <div class=\"elementor-icon-box-wrapper \">\n                            <div class=\"elementor-icon-box-content\">\n                    <h1 class=\"elementor-icon-box-title\">\n                        News                    <\/h1>\n                                        <p class=\"elementor-icon-box-description\"><\/p>\n\n                                    <\/div>\n            <\/div>\n\n        <\/div>\n\n\t\t\t\t<\/div>\n\t\t\t\t<\/div>\n\t\t\t\t\t<\/div>\n\t\t<\/div>\n\t\t\t\t\t<\/div>\n\t\t<\/section>\n\t\t\t\t<section class=\"elementor-section elementor-top-section elementor-element elementor-element-vkt1dv8 elementor-section-boxed elementor-section-height-default elementor-section-height-default\" data-id=\"vkt1dv8\" data-element_type=\"section\">\n\t\t\t\t\t\t<div class=\"elementor-container elementor-column-gap-default\">\n\t\t\t\t\t<div class=\"elementor-column elementor-col-100 elementor-top-column elementor-element elementor-element-xo5h9bj\" data-id=\"xo5h9bj\" data-element_type=\"column\">\n\t\t\t<div class=\"elementor-widget-wrap elementor-element-populated\">\n\t\t\t\t\t\t<div class=\"elementor-element elementor-element-h6bnfn5 elementor-widget elementor-widget-spacer\" data-id=\"h6bnfn5\" data-element_type=\"widget\" data-widget_type=\"spacer.default\">\n\t\t\t\t<div class=\"elementor-widget-container\">\n\t\t\t\t\t<div class=\"elementor-spacer\">\n\t\t\t<div class=\"elementor-spacer-inner\"><\/div>\n\t\t<\/div>\n\t\t\t\t<\/div>\n\t\t\t\t<\/div>\n\t\t\t\t<div class=\"elementor-element elementor-element-j81sio5 elementor-widget elementor-widget-themo-blog\" data-id=\"j81sio5\" data-element_type=\"widget\" data-widget_type=\"themo-blog.default\">\n\t\t\t\t<div class=\"elementor-widget-container\">\n\t\t\t\n                                <section class=\"th-masonry-blog th-blog-3-col\">\n\n                        <div class=\"mas-blog row\">\n                            <div class=\"mas-blog-post-sizer col-sm-6 col-md-4\"><\/div>\n                                                                                            <div class=\"mas-blog-post col-sm-6 col-md-4 post-931 post type-post status-publish format-standard has-post-thumbnail hentry category-uncategorized\">\n                                                <a href=\"https:\/\/www.labouledor.net\/en\/2020\/02\/12\/welcome-to-the-new-website-of-la-boule-dor\/\">\n            <img data-rjs=\"2\" fetchpriority=\"high\" decoding=\"async\" width=\"350\" height=\"263\" src=\"https:\/\/www.labouledor.net\/wp-content\/uploads\/2020\/01\/Hotel-Restaurant-La-Boule-d-Or-06.jpg\" class=\"img-responsive wp-post-image\" alt=\"\" srcset=\"https:\/\/www.labouledor.net\/wp-content\/uploads\/2020\/01\/Hotel-Restaurant-La-Boule-d-Or-06.jpg 350w, https:\/\/www.labouledor.net\/wp-content\/uploads\/2020\/01\/Hotel-Restaurant-La-Boule-d-Or-06-300x225.jpg 300w, https:\/\/www.labouledor.net\/wp-content\/uploads\/2020\/01\/Hotel-Restaurant-La-Boule-d-Or-06-100x75.jpg 100w, https:\/\/www.labouledor.net\/wp-content\/uploads\/2020\/01\/Hotel-Restaurant-La-Boule-d-Or-06-106x80.jpg 106w\" sizes=\"(max-width: 350px) 100vw, 350px\" \/>        <\/a>\n    \n<div class=\"post-inner\">\n    <h3 class=\"post-title\"><a href=\"https:\/\/www.labouledor.net\/en\/2020\/02\/12\/welcome-to-the-new-website-of-la-boule-dor\/\">Welcome to the new website of La Boule d\u2019Or<\/a><\/h3>\n\n    <div class=\"post-meta\">\n    <a href=\"https:\/\/www.labouledor.net\/en\/category\/uncategorized\/\" rel=\"category tag\">Uncategorized<\/a><\/div>\n\n            <div class=\"entry-content post-excerpt\">\n            <p>\n                We are pleased to present our new website where you will be able to discover our establishment: Hotel and Restaurant. \u2026 <a href=\"https:\/\/www.labouledor.net\/en\/2020\/02\/12\/welcome-to-the-new-website-of-la-boule-dor\/\">Read More<\/a>            <\/p>\n        <\/div>\n            <div class=\"date-meta\">\n    <span class=\"thmv-author\">\n    <i class=\"xs-icon fa fa-calendar-o\"><\/i>\n    <!--div class=\"post-meta\"-->\n        <span class=\"themo-mas-date-meta show-author\"><a href=\"https:\/\/www.labouledor.net\/en\/author\/centaure\/\" title=\"Posts by La Boule d&#039;Or\" rel=\"author\">La Boule d'Or<\/a><\/span>\n    <\/span>\n    \n        <time class=\"themo-mas-date-meta published thmv-date\" datetime=\"2020-02-12T16:58:33+01:00\">12 February 2020<\/time>\n            <!--\/div-->\n    <span class=\"is-sticky\">Featured Post<\/span>\n<\/div><\/div>\n                                <\/div>\n\n                            \n                        <\/div>\n                                            <\/section>\n\n                    \t\t<\/div>\n\t\t\t\t<\/div>\n\t\t\t\t<div class=\"elementor-element elementor-element-48r7spq elementor-widget elementor-widget-spacer\" data-id=\"48r7spq\" data-element_type=\"widget\" data-widget_type=\"spacer.default\">\n\t\t\t\t<div class=\"elementor-widget-container\">\n\t\t\t\t\t<div class=\"elementor-spacer\">\n\t\t\t<div class=\"elementor-spacer-inner\"><\/div>\n\t\t<\/div>\n\t\t\t\t<\/div>\n\t\t\t\t<\/div>\n\t\t\t\t\t<\/div>\n\t\t<\/div>\n\t\t\t\t\t<\/div>\n\t\t<\/section>\n\t\t\t\t<\/div>\n\t\t","protected":false},"excerpt":{"rendered":"<p>News Non classifi\u00e9(e) Bienvenue sur le nouveau site de La Boule d\u2019Or Nous avons le plaisir de vous pr\u00e9senter notre nouveau site internet o\u00f9 vous allez pouvoir d\u00e9couvrir notre \u00e9tablissement : H\u00f4tel et Restaurant. \u2026 Read More La Boule d\u2019Or &hellip; <a href=\"https:\/\/www.labouledor.net\/en\/2020\/02\/12\/welcome-to-the-new-website-of-la-boule-dor\/\">Read More<\/a> &hellip; <a href=\"https:\/\/www.labouledor.net\/en\/2020\/02\/12\/welcome-to-the-new-website-of-la-boule-dor\/\">Read More<\/a><\/p>\n","protected":false},"author":1,"featured_media":0,"parent":0,"menu_order":20,"comment_status":"closed","ping_status":"closed","template":"","meta":{"footnotes":""},"class_list":["post-832","page","type-page","status-publish","hentry"],"yoast_head":"<!-- This site is optimized with the Yoast SEO plugin v27.5 - https:\/\/yoast.com\/product\/yoast-seo-wordpress\/ -->\n<title>News - LA BOULE D&#039;OR<\/title>\n<meta name=\"robots\" content=\"index, follow, max-snippet:-1, max-image-preview:large, max-video-preview:-1\" \/>\n<link rel=\"canonical\" href=\"https:\/\/www.labouledor.net\/en\/news\/\" \/>\n<meta property=\"og:locale\" content=\"en_US\" \/>\n<meta property=\"og:type\" content=\"article\" \/>\n<meta property=\"og:title\" content=\"News - LA BOULE D&#039;OR\" \/>\n<meta property=\"og:description\" content=\"News Non classifi\u00e9(e) Bienvenue sur le nouveau site de La Boule d\u2019Or Nous avons le plaisir de vous pr\u00e9senter notre nouveau site internet o\u00f9 vous allez pouvoir d\u00e9couvrir notre \u00e9tablissement : H\u00f4tel et Restaurant. \u2026 Read More La Boule d\u2019Or &hellip; Read More &hellip; Read More\" \/>\n<meta property=\"og:url\" content=\"https:\/\/www.labouledor.net\/en\/news\/\" \/>\n<meta property=\"og:site_name\" content=\"LA BOULE D&#039;OR\" \/>\n<meta property=\"article:publisher\" content=\"https:\/\/www.facebook.com\/LaBouleDorBarbezieux\/\" \/>\n<meta property=\"article:modified_time\" content=\"2024-12-20T06:37:07+00:00\" \/>\n<meta property=\"og:image\" content=\"https:\/\/www.labouledor.net\/wp-content\/uploads\/2020\/01\/Hotel-Restaurant-La-Boule-d-Or-06.jpg\" \/>\n<meta name=\"twitter:card\" content=\"summary_large_image\" \/>\n<script type=\"application\/ld+json\" class=\"yoast-schema-graph\">{\"@context\":\"https:\\\/\\\/schema.org\",\"@graph\":[{\"@type\":\"WebPage\",\"@id\":\"https:\\\/\\\/www.labouledor.net\\\/en\\\/news\\\/\",\"url\":\"https:\\\/\\\/www.labouledor.net\\\/en\\\/news\\\/\",\"name\":\"News - LA BOULE D&#039;OR\",\"isPartOf\":{\"@id\":\"https:\\\/\\\/www.labouledor.net\\\/en\\\/#website\"},\"primaryImageOfPage\":{\"@id\":\"https:\\\/\\\/www.labouledor.net\\\/en\\\/news\\\/#primaryimage\"},\"image\":{\"@id\":\"https:\\\/\\\/www.labouledor.net\\\/en\\\/news\\\/#primaryimage\"},\"thumbnailUrl\":\"https:\\\/\\\/www.labouledor.net\\\/wp-content\\\/uploads\\\/2020\\\/01\\\/Hotel-Restaurant-La-Boule-d-Or-06.jpg\",\"datePublished\":\"2020-02-12T15:14:36+00:00\",\"dateModified\":\"2024-12-20T06:37:07+00:00\",\"breadcrumb\":{\"@id\":\"https:\\\/\\\/www.labouledor.net\\\/en\\\/news\\\/#breadcrumb\"},\"inLanguage\":\"en-US\",\"potentialAction\":[{\"@type\":\"ReadAction\",\"target\":[\"https:\\\/\\\/www.labouledor.net\\\/en\\\/news\\\/\"]}]},{\"@type\":\"ImageObject\",\"inLanguage\":\"en-US\",\"@id\":\"https:\\\/\\\/www.labouledor.net\\\/en\\\/news\\\/#primaryimage\",\"url\":\"https:\\\/\\\/www.labouledor.net\\\/wp-content\\\/uploads\\\/2020\\\/01\\\/Hotel-Restaurant-La-Boule-d-Or-06.jpg\",\"contentUrl\":\"https:\\\/\\\/www.labouledor.net\\\/wp-content\\\/uploads\\\/2020\\\/01\\\/Hotel-Restaurant-La-Boule-d-Or-06.jpg\"},{\"@type\":\"BreadcrumbList\",\"@id\":\"https:\\\/\\\/www.labouledor.net\\\/en\\\/news\\\/#breadcrumb\",\"itemListElement\":[{\"@type\":\"ListItem\",\"position\":1,\"name\":\"Accueil\",\"item\":\"https:\\\/\\\/www.labouledor.net\\\/en\\\/\"},{\"@type\":\"ListItem\",\"position\":2,\"name\":\"News\"}]},{\"@type\":\"WebSite\",\"@id\":\"https:\\\/\\\/www.labouledor.net\\\/en\\\/#website\",\"url\":\"https:\\\/\\\/www.labouledor.net\\\/en\\\/\",\"name\":\"LA BOULE D&#039;OR\",\"description\":\"H\u00f4tel** Restaurant \u00e0 Barbezieux-Saint-Hilaire\",\"publisher\":{\"@id\":\"https:\\\/\\\/www.labouledor.net\\\/en\\\/#organization\"},\"potentialAction\":[{\"@type\":\"SearchAction\",\"target\":{\"@type\":\"EntryPoint\",\"urlTemplate\":\"https:\\\/\\\/www.labouledor.net\\\/en\\\/?s={search_term_string}\"},\"query-input\":{\"@type\":\"PropertyValueSpecification\",\"valueRequired\":true,\"valueName\":\"search_term_string\"}}],\"inLanguage\":\"en-US\"},{\"@type\":\"Organization\",\"@id\":\"https:\\\/\\\/www.labouledor.net\\\/en\\\/#organization\",\"name\":\"H\u00f4tel Restaurant La Boule d'Or\",\"url\":\"https:\\\/\\\/www.labouledor.net\\\/en\\\/\",\"logo\":{\"@type\":\"ImageObject\",\"inLanguage\":\"en-US\",\"@id\":\"https:\\\/\\\/www.labouledor.net\\\/en\\\/#\\\/schema\\\/logo\\\/image\\\/\",\"url\":\"https:\\\/\\\/www.labouledor.net\\\/wp-content\\\/uploads\\\/2019\\\/11\\\/La-Boule-d-Or_Logo-Noir-150px.jpg\",\"contentUrl\":\"https:\\\/\\\/www.labouledor.net\\\/wp-content\\\/uploads\\\/2019\\\/11\\\/La-Boule-d-Or_Logo-Noir-150px.jpg\",\"width\":384,\"height\":150,\"caption\":\"H\u00f4tel Restaurant La Boule d'Or\"},\"image\":{\"@id\":\"https:\\\/\\\/www.labouledor.net\\\/en\\\/#\\\/schema\\\/logo\\\/image\\\/\"},\"sameAs\":[\"https:\\\/\\\/www.facebook.com\\\/LaBouleDorBarbezieux\\\/\",\"https:\\\/\\\/www.instagram.com\\\/labouledorbarbezieux\\\/\"]}]}<\/script>\n<!-- \/ Yoast SEO plugin. -->","yoast_head_json":{"title":"News - LA BOULE D&#039;OR","robots":{"index":"index","follow":"follow","max-snippet":"max-snippet:-1","max-image-preview":"max-image-preview:large","max-video-preview":"max-video-preview:-1"},"canonical":"https:\/\/www.labouledor.net\/en\/news\/","og_locale":"en_US","og_type":"article","og_title":"News - LA BOULE D&#039;OR","og_description":"News Non classifi\u00e9(e) Bienvenue sur le nouveau site de La Boule d\u2019Or Nous avons le plaisir de vous pr\u00e9senter notre nouveau site internet o\u00f9 vous allez pouvoir d\u00e9couvrir notre \u00e9tablissement : H\u00f4tel et Restaurant. \u2026 Read More La Boule d\u2019Or &hellip; Read More &hellip; Read More","og_url":"https:\/\/www.labouledor.net\/en\/news\/","og_site_name":"LA BOULE D&#039;OR","article_publisher":"https:\/\/www.facebook.com\/LaBouleDorBarbezieux\/","article_modified_time":"2024-12-20T06:37:07+00:00","og_image":[{"url":"https:\/\/www.labouledor.net\/wp-content\/uploads\/2020\/01\/Hotel-Restaurant-La-Boule-d-Or-06.jpg","type":"","width":"","height":""}],"twitter_card":"summary_large_image","schema":{"@context":"https:\/\/schema.org","@graph":[{"@type":"WebPage","@id":"https:\/\/www.labouledor.net\/en\/news\/","url":"https:\/\/www.labouledor.net\/en\/news\/","name":"News - LA BOULE D&#039;OR","isPartOf":{"@id":"https:\/\/www.labouledor.net\/en\/#website"},"primaryImageOfPage":{"@id":"https:\/\/www.labouledor.net\/en\/news\/#primaryimage"},"image":{"@id":"https:\/\/www.labouledor.net\/en\/news\/#primaryimage"},"thumbnailUrl":"https:\/\/www.labouledor.net\/wp-content\/uploads\/2020\/01\/Hotel-Restaurant-La-Boule-d-Or-06.jpg","datePublished":"2020-02-12T15:14:36+00:00","dateModified":"2024-12-20T06:37:07+00:00","breadcrumb":{"@id":"https:\/\/www.labouledor.net\/en\/news\/#breadcrumb"},"inLanguage":"en-US","potentialAction":[{"@type":"ReadAction","target":["https:\/\/www.labouledor.net\/en\/news\/"]}]},{"@type":"ImageObject","inLanguage":"en-US","@id":"https:\/\/www.labouledor.net\/en\/news\/#primaryimage","url":"https:\/\/www.labouledor.net\/wp-content\/uploads\/2020\/01\/Hotel-Restaurant-La-Boule-d-Or-06.jpg","contentUrl":"https:\/\/www.labouledor.net\/wp-content\/uploads\/2020\/01\/Hotel-Restaurant-La-Boule-d-Or-06.jpg"},{"@type":"BreadcrumbList","@id":"https:\/\/www.labouledor.net\/en\/news\/#breadcrumb","itemListElement":[{"@type":"ListItem","position":1,"name":"Accueil","item":"https:\/\/www.labouledor.net\/en\/"},{"@type":"ListItem","position":2,"name":"News"}]},{"@type":"WebSite","@id":"https:\/\/www.labouledor.net\/en\/#website","url":"https:\/\/www.labouledor.net\/en\/","name":"LA BOULE D&#039;OR","description":"H\u00f4tel** Restaurant \u00e0 Barbezieux-Saint-Hilaire","publisher":{"@id":"https:\/\/www.labouledor.net\/en\/#organization"},"potentialAction":[{"@type":"SearchAction","target":{"@type":"EntryPoint","urlTemplate":"https:\/\/www.labouledor.net\/en\/?s={search_term_string}"},"query-input":{"@type":"PropertyValueSpecification","valueRequired":true,"valueName":"search_term_string"}}],"inLanguage":"en-US"},{"@type":"Organization","@id":"https:\/\/www.labouledor.net\/en\/#organization","name":"H\u00f4tel Restaurant La Boule d'Or","url":"https:\/\/www.labouledor.net\/en\/","logo":{"@type":"ImageObject","inLanguage":"en-US","@id":"https:\/\/www.labouledor.net\/en\/#\/schema\/logo\/image\/","url":"https:\/\/www.labouledor.net\/wp-content\/uploads\/2019\/11\/La-Boule-d-Or_Logo-Noir-150px.jpg","contentUrl":"https:\/\/www.labouledor.net\/wp-content\/uploads\/2019\/11\/La-Boule-d-Or_Logo-Noir-150px.jpg","width":384,"height":150,"caption":"H\u00f4tel Restaurant La Boule d'Or"},"image":{"@id":"https:\/\/www.labouledor.net\/en\/#\/schema\/logo\/image\/"},"sameAs":["https:\/\/www.facebook.com\/LaBouleDorBarbezieux\/","https:\/\/www.instagram.com\/labouledorbarbezieux\/"]}]}},"_links":{"self":[{"href":"https:\/\/www.labouledor.net\/en\/wp-json\/wp\/v2\/pages\/832","targetHints":{"allow":["GET"]}}],"collection":[{"href":"https:\/\/www.labouledor.net\/en\/wp-json\/wp\/v2\/pages"}],"about":[{"href":"https:\/\/www.labouledor.net\/en\/wp-json\/wp\/v2\/types\/page"}],"author":[{"embeddable":true,"href":"https:\/\/www.labouledor.net\/en\/wp-json\/wp\/v2\/users\/1"}],"replies":[{"embeddable":true,"href":"https:\/\/www.labouledor.net\/en\/wp-json\/wp\/v2\/comments?post=832"}],"version-history":[{"count":4,"href":"https:\/\/www.labouledor.net\/en\/wp-json\/wp\/v2\/pages\/832\/revisions"}],"predecessor-version":[{"id":838,"href":"https:\/\/www.labouledor.net\/en\/wp-json\/wp\/v2\/pages\/832\/revisions\/838"}],"wp:attachment":[{"href":"https:\/\/www.labouledor.net\/en\/wp-json\/wp\/v2\/media?parent=832"}],"curies":[{"name":"wp","href":"https:\/\/api.w.org\/{rel}","templated":true}]}}